{"id":2304,"date":"2021-06-19T12:15:59","date_gmt":"2021-06-19T09:15:59","guid":{"rendered":"http:\/\/www.hidroliftismakinalari.com\/?post_type=product&#038;p=2304"},"modified":"2021-06-19T12:15:59","modified_gmt":"2021-06-19T09:15:59","slug":"disli-motorlar","status":"publish","type":"product","link":"https:\/\/hidroliftismakinalari.com\/?product=disli-motorlar","title":{"rendered":"Di\u015fli Motorlar"},"content":{"rendered":"<p>3cc &#8211; 71cc aral\u0131\u011f\u0131nda \u00e7e\u015fitleri mevcuttur.<\/p>\n<p>\u00c7ift y\u00f6nl\u00fc motorlard\u0131r.<br \/>\nTalebe uygun mil ve kapak versiyonlar\u0131 mevcuttur.<\/p>\n","protected":false},"excerpt":{"rendered":"<p>3cc &#8211; 71cc aral\u0131\u011f\u0131nda \u00e7e\u015fitleri mevcuttur. \u00c7ift y\u00f6nl\u00fc motorlard\u0131r. Talebe uygun mil ve kapak versiyonlar\u0131 mevcuttur.<\/p>\n","protected":false},"featured_media":2305,"template":"","meta":[],"product_brand":[],"product_cat":[54],"product_tag":[],"class_list":{"0":"post-2304","1":"product","2":"type-product","3":"status-publish","4":"has-post-thumbnail","6":"product_cat-hidrolik-motorlar","8":"first","9":"instock","10":"shipping-taxable","11":"product-type-simple"},"aioseo_notices":[],"_links":{"self":[{"href":"https:\/\/hidroliftismakinalari.com\/index.php?rest_route=\/wp\/v2\/product\/2304","targetHints":{"allow":["GET"]}}],"collection":[{"href":"https:\/\/hidroliftismakinalari.com\/index.php?rest_route=\/wp\/v2\/product"}],"about":[{"href":"https:\/\/hidroliftismakinalari.com\/index.php?rest_route=\/wp\/v2\/types\/product"}],"wp:featuredmedia":[{"embeddable":true,"href":"https:\/\/hidroliftismakinalari.com\/index.php?rest_route=\/wp\/v2\/media\/2305"}],"wp:attachment":[{"href":"https:\/\/hidroliftismakinalari.com\/index.php?rest_route=%2Fwp%2Fv2%2Fmedia&parent=2304"}],"wp:term":[{"taxonomy":"product_brand","embeddable":true,"href":"https:\/\/hidroliftismakinalari.com\/index.php?rest_route=%2Fwp%2Fv2%2Fproduct_brand&post=2304"},{"taxonomy":"product_cat","embeddable":true,"href":"https:\/\/hidroliftismakinalari.com\/index.php?rest_route=%2Fwp%2Fv2%2Fproduct_cat&post=2304"},{"taxonomy":"product_tag","embeddable":true,"href":"https:\/\/hidroliftismakinalari.com\/index.php?rest_route=%2Fwp%2Fv2%2Fproduct_tag&post=2304"}],"curies":[{"name":"wp","href":"https:\/\/api.w.org\/{rel}","templated":true}]}}