{"id":2302,"date":"2021-06-19T12:12:55","date_gmt":"2021-06-19T09:12:55","guid":{"rendered":"http:\/\/www.hidroliftismakinalari.com\/?post_type=product&#038;p=2302"},"modified":"2021-06-19T12:14:19","modified_gmt":"2021-06-19T09:14:19","slug":"aluminyum-govde-disli-pompalar","status":"publish","type":"product","link":"https:\/\/hidroliftismakinalari.com\/?product=aluminyum-govde-disli-pompalar","title":{"rendered":"Al\u00fcminyum G\u00f6vde Di\u015fli Pompalar"},"content":{"rendered":"<p>G5 serisinden z7 serisine kadar<\/p>\n<p>** Grup 0,5 &#8211; grup 1 &#8211; grup 2 &#8211; grup 3 ve grup 2.5(\u00f6zel) versiyonlar\u0131 mevcuttur.<br \/>\n** Talebe uygun mil ve kapak kombinasyonlar\u0131 mevcuttur.<br \/>\n** Tandem versiyonlar\u0131 i\u00e7in sat\u0131\u015f departman\u0131 ile g\u00f6r\u00fc\u015f\u00fcn\u00fcz.<br \/>\n** Sa\u011f veya sol y\u00f6nl\u00fc pompalard\u0131r.<\/p>\n","protected":false},"excerpt":{"rendered":"<p>G5 serisinden z7 serisine kadar<\/p>\n","protected":false},"featured_media":2303,"template":"","meta":[],"product_brand":[],"product_cat":[53],"product_tag":[],"class_list":{"0":"post-2302","1":"product","2":"type-product","3":"status-publish","4":"has-post-thumbnail","6":"product_cat-hidrolik-pompalar","8":"first","9":"instock","10":"shipping-taxable","11":"product-type-simple"},"aioseo_notices":[],"_links":{"self":[{"href":"https:\/\/hidroliftismakinalari.com\/index.php?rest_route=\/wp\/v2\/product\/2302","targetHints":{"allow":["GET"]}}],"collection":[{"href":"https:\/\/hidroliftismakinalari.com\/index.php?rest_route=\/wp\/v2\/product"}],"about":[{"href":"https:\/\/hidroliftismakinalari.com\/index.php?rest_route=\/wp\/v2\/types\/product"}],"wp:featuredmedia":[{"embeddable":true,"href":"https:\/\/hidroliftismakinalari.com\/index.php?rest_route=\/wp\/v2\/media\/2303"}],"wp:attachment":[{"href":"https:\/\/hidroliftismakinalari.com\/index.php?rest_route=%2Fwp%2Fv2%2Fmedia&parent=2302"}],"wp:term":[{"taxonomy":"product_brand","embeddable":true,"href":"https:\/\/hidroliftismakinalari.com\/index.php?rest_route=%2Fwp%2Fv2%2Fproduct_brand&post=2302"},{"taxonomy":"product_cat","embeddable":true,"href":"https:\/\/hidroliftismakinalari.com\/index.php?rest_route=%2Fwp%2Fv2%2Fproduct_cat&post=2302"},{"taxonomy":"product_tag","embeddable":true,"href":"https:\/\/hidroliftismakinalari.com\/index.php?rest_route=%2Fwp%2Fv2%2Fproduct_tag&post=2302"}],"curies":[{"name":"wp","href":"https:\/\/api.w.org\/{rel}","templated":true}]}}