{"id":54,"date":"2017-09-20T09:19:08","date_gmt":"2017-09-20T09:19:08","guid":{"rendered":"http:\/\/hunterseng.com\/?page_id=54"},"modified":"2021-06-24T17:55:39","modified_gmt":"2021-06-24T14:55:39","slug":"home-1","status":"publish","type":"page","link":"https:\/\/hidroliftismakinalari.com\/","title":{"rendered":"CATERPILLAR, KOMATSU, HITACHI"},"content":{"rendered":"<p>[vc_row][vc_column][layerslider_vc id=&#8221;3&#8243;][\/vc_column][\/vc_row][vc_row el_class=&#8221;inside-slider&#8221;][vc_column][vc_row_inner][vc_column_inner width=&#8221;1\/3&#8243; css=&#8221;.vc_custom_1509108645328{padding-right: 0px !important;padding-left: 0px !important;}&#8221;]<div class=\"media rt-info-box vc_custom_1603894083468 layout5\" style=\"\">\r\n    <div class=\"rtin-icon rounded\" style=\"\">\r\n                    <i class=\"fa fa-cogs\" aria-hidden=\"true\" style=\"\"><\/i>\r\n            <\/div>\r\n    <div class=\"media-body\">\r\n        <h3 class=\"media-heading\" style=\"\">H\u0130DROL\u0130K &amp; PN\u00d6MAT\u0130K<\/h3>\r\n                    <p class=\"mb0\" style=\"\">Hidrolik ve pn\u00f6matik sistemler bir b\u00fct\u00fcn olarak ak\u0131\u015fkan g\u00fc\u00e7 sistemlerini olu\u015ftururlar.<\/p>\r\n            <\/div>\r\n    <div class=\"clear\"><\/div>\r\n<\/div>[\/vc_column_inner][vc_column_inner width=&#8221;1\/3&#8243; css=&#8221;.vc_custom_1509110039881{padding-right: 0px !important;padding-left: 0px !important;}&#8221;]<div class=\"media rt-info-box  layout5\" style=\"\">\r\n    <div class=\"rtin-icon rounded\" style=\"\">\r\n                    <i class=\"fa fa-thermometer-full\" aria-hidden=\"true\" style=\"\"><\/i>\r\n            <\/div>\r\n    <div class=\"media-body\">\r\n        <h3 class=\"media-heading\" style=\"\">TAM\u0130R &amp; BAKIM<\/h3>\r\n                    <p class=\"mb0\" style=\"\">Hidrolift \u0130\u015f Makinalar\u0131, hidrolik\/pn\u00f6matik silindirlerin tamir ve bak\u0131m\u0131nda T\u00fcrkiye&#8217; nin lider firmas\u0131d\u0131r.<\/p>\r\n            <\/div>\r\n    <div class=\"clear\"><\/div>\r\n<\/div>[\/vc_column_inner][vc_column_inner width=&#8221;1\/3&#8243; css=&#8221;.vc_custom_1509110052516{padding-right: 0px !important;padding-left: 0px !important;}&#8221;]<div class=\"media rt-info-box vc_custom_1614264980855 layout5\" style=\"\">\r\n    <div class=\"rtin-icon rounded\" style=\"\">\r\n                    <i class=\"fa fa-retweet\" aria-hidden=\"true\" style=\"\"><\/i>\r\n            <\/div>\r\n    <div class=\"media-body\">\r\n        <h3 class=\"media-heading\" style=\"\">YEDEK PAR\u00c7A<\/h3>\r\n                    <p class=\"mb0\" style=\"\">Hidrolift, proje\u00a0bazl\u0131 imalat yapt\u0131\u011f\u0131ndan olduk\u00e7a geni\u015f bir stok \u00e7e\u015fitlili\u011fine sahiptir.<\/p>\r\n            <\/div>\r\n    <div class=\"clear\"><\/div>\r\n<\/div>[\/vc_column_inner][\/vc_row_inner][\/vc_column][\/vc_row][vc_row full_width=&#8221;stretch_row&#8221; css=&#8221;.vc_custom_1624095396453{padding-top: 85px !important;padding-bottom: 100px !important;background: #edbd4e url(https:\/\/hidroliftismakinalari.com\/wp-content\/uploads\/2021\/06\/kabiliyet-cozumler.jpg?id=2310) !important;background-position: center !important;background-repeat: no-repeat !important;background-size: cover !important;}&#8221;][vc_column width=&#8221;1\/2&#8243; offset=&#8221;vc_col-lg-6 vc_col-md-6&#8243;][vc_text_separator title=&#8221;KURUMSAL&#8221; border_width=&#8221;2&#8243;]<div class=\"rt-vc-text-title  style3\" style=\"\">\r\n\t\t\t\t<p class=\"rtin-content\"><a href=\"https:\/\/hidroliftismakinalari.com\/\">H\u0130DROL\u0130FT<\/a> 1980 y\u0131l\u0131ndan itibaren T\u00fcrk sanayisine, otoyol, baraj, dekapaj, alt yap\u0131 m\u00fcteahhitlerine, maden i\u015fletmelerine, demir \u00e7elik kurulu\u015flar\u0131na, kamu kurum kurulu\u015flar\u0131na, belediyelere ve savunma sanayine, askeri kurulu\u015flara uzman, deneyimli ve tecr\u00fcbeli kadrosu ile hizmet vermi\u015f ve vermeye devam etmektedir. Ba\u015fta CATERPILLAR, KOMATSU, HITACHI, HYUNDAI, \u00c7UKUROVA, KAWASAKI, P\u0130, VOLVO, JCB vb. gibi i\u015f ve in\u015faat makinalar\u0131n\u0131n hidrolik silindirleri ile i\u015f makinalar\u0131n\u0131n di\u011fer yedek par\u00e7a imalat\u0131 i\u015fleri ile i\u015ftigal etmektedir. \u0130malat\u0131n d\u00f6k\u00fcm, tala\u015fl\u0131 imalat, i\u015fleme, \u0131s\u0131l i\u015flem, kalite kontrol, montaj gibi a\u015famalar\u0131nda titizlik g\u00f6sterilmekte \u00fcretilen her par\u00e7a, her hidrolik silindir gerekli kontrol ve testlerden ge\u00e7irilmekte, ilgili standart ve spesifikasyonlara uygunlu\u011fu sa\u011flanmaktad\u0131r. B\u00f6ylelikle, imalatta y\u00fcksek kaliteye ula\u015f\u0131lm\u0131\u015f ve bu g\u00fcne kadar T\u00fcrkiye \u00e7ap\u0131nda olumlu bir isim yap\u0131lm\u0131\u015f ve orijinal ekipman imalat\u00e7\u0131s\u0131 kalitesine ula\u015f\u0131lm\u0131\u015ft\u0131r. <a href=\"http:\/\/kilavuzbilgisayar.com\/\">Hidrolift<\/a> olarak bundan sonrada b\u00fct\u00fcn gayretimiz her t\u00fcrl\u00fc modern imalat y\u00f6ntemini izlemek, geli\u015fme ve modernizasyon \u00e7al\u0131\u015fmalar\u0131na devam etmek bunun sonucunda da sizlere \u00fcst\u00fcn kaliteli uygun fiyatl\u0131 \u00fcr\u00fcnler sunmak olacakt\u0131r.<\/p>\r\n\t\t\t\t<div class=\"rtin-btn\"><a href=\"#\">Detay..<\/a><\/div>\r\n\t<\/div>[\/vc_column][vc_column width=&#8221;1\/2&#8243;][\/vc_column][\/vc_row][vc_row full_width=&#8221;stretch_row&#8221; css=&#8221;.vc_custom_1508848182497{padding-top: 55px !important;padding-bottom: 70px !important;background-color: #f5f5f5 !important;}&#8221;][vc_column][vc_text_separator title=&#8221;Yeni Eklenen \u00dcr\u00fcnler&#8221; color=&#8221;orange&#8221;]<div class=\"woocommerce columns-4 \"><ul class=\"products columns-4\">\n<li class=\"product type-product post-2329 status-publish first instock product_cat-hidrolik-silindir has-post-thumbnail shipping-taxable product-type-simple\">\n\t<div class=\"product-thumb-area\">\n\t<img decoding=\"async\" width=\"300\" height=\"273\" data-src=\"https:\/\/hidroliftismakinalari.com\/wp-content\/uploads\/2024\/07\/MT1530-KALDIRICI-L\u0130FT-300x273.jpg\" class=\"attachment-woocommerce_thumbnail size-woocommerce_thumbnail lazyload\" alt=\"ATLAS COPCO MT1530 KALDIRICI L\u0130FT\" src=\"data:image\/svg+xml;base64,PHN2ZyB3aWR0aD0iMSIgaGVpZ2h0PSIxIiB4bWxucz0iaHR0cDovL3d3dy53My5vcmcvMjAwMC9zdmciPjwvc3ZnPg==\" style=\"--smush-placeholder-width: 300px; --smush-placeholder-aspect-ratio: 300\/273;\" \/>\t<div class=\"overlay\"><\/div>\n\t<div class=\"product-info\">\n\t\t<ul>\n\t\t\t<li><a rel=\"nofollow\" href=\"https:\/\/hidroliftismakinalari.com\/?product=atlas-copco-mt1530-kaldirici-lift\" data-quantity=\"1\" data-product_id=\"2329\" data-product_sku=\"\" class=\"fa fa-shopping-cart button product_type_simple ajax_add_to_cart\"><\/a><\/li>\n\t\t\t\t\t\t\t<li><a href=\"\" class=\"yith-wcqv-button\" data-product_id=\"2329\"><i class=\"fa fa-search\"><\/i><\/a><\/li>\n\t\t\t\t\t\t\t\t<\/ul>\n\t<\/div>\n<\/div><div class=\"product-info-area\"><h3><a href=\"https:\/\/hidroliftismakinalari.com\/?product=atlas-copco-mt1530-kaldirici-lift\" class=\"woocommerce-LoopProduct-link\">ATLAS COPCO MT1530 KALDIRICI L\u0130FT<\/a><\/h3>\n<\/div><div class=\"clear\"><\/div><a href=\"#\" class=\"button yith-wcqv-button\" data-product_id=\"2329\">H\u0131zl\u0131 G\u00f6r\u00fcn\u00fcm<\/a><\/li>\n<li class=\"product type-product post-2326 status-publish instock product_cat-hidrolik-silindir has-post-thumbnail shipping-taxable product-type-simple\">\n\t<div class=\"product-thumb-area\">\n\t<img decoding=\"async\" width=\"300\" height=\"262\" data-src=\"https:\/\/hidroliftismakinalari.com\/wp-content\/uploads\/2024\/07\/H\u0130TACH\u0130-EC-3000-DAMPER-300x262.jpg\" class=\"attachment-woocommerce_thumbnail size-woocommerce_thumbnail lazyload\" alt=\"H\u0130TACH\u0130 EC 3000 DAMPER L\u0130FT\u0130\" src=\"data:image\/svg+xml;base64,PHN2ZyB3aWR0aD0iMSIgaGVpZ2h0PSIxIiB4bWxucz0iaHR0cDovL3d3dy53My5vcmcvMjAwMC9zdmciPjwvc3ZnPg==\" style=\"--smush-placeholder-width: 300px; --smush-placeholder-aspect-ratio: 300\/262;\" \/>\t<div class=\"overlay\"><\/div>\n\t<div class=\"product-info\">\n\t\t<ul>\n\t\t\t<li><a rel=\"nofollow\" href=\"https:\/\/hidroliftismakinalari.com\/?product=hitachi-ec-3000-damper-lifti\" data-quantity=\"1\" data-product_id=\"2326\" data-product_sku=\"\" class=\"fa fa-shopping-cart button product_type_simple ajax_add_to_cart\"><\/a><\/li>\n\t\t\t\t\t\t\t<li><a href=\"\" class=\"yith-wcqv-button\" data-product_id=\"2326\"><i class=\"fa fa-search\"><\/i><\/a><\/li>\n\t\t\t\t\t\t\t\t<\/ul>\n\t<\/div>\n<\/div><div class=\"product-info-area\"><h3><a href=\"https:\/\/hidroliftismakinalari.com\/?product=hitachi-ec-3000-damper-lifti\" class=\"woocommerce-LoopProduct-link\">H\u0130TACH\u0130 EC 3000 DAMPER L\u0130FT\u0130<\/a><\/h3>\n<\/div><div class=\"clear\"><\/div><a href=\"#\" class=\"button yith-wcqv-button\" data-product_id=\"2326\">H\u0131zl\u0131 G\u00f6r\u00fcn\u00fcm<\/a><\/li>\n<li class=\"product type-product post-2324 status-publish instock product_cat-hidrolik-silindir has-post-thumbnail shipping-taxable product-type-simple\">\n\t<div class=\"product-thumb-area\">\n\t<img decoding=\"async\" width=\"300\" height=\"251\" data-src=\"https:\/\/hidroliftismakinalari.com\/wp-content\/uploads\/2024\/07\/CAT-735-DAMPER-L\u0130FT\u0130-300x251.jpg\" class=\"attachment-woocommerce_thumbnail size-woocommerce_thumbnail lazyload\" alt=\"CAT 735 DAMPER L\u0130FT\u0130\" src=\"data:image\/svg+xml;base64,PHN2ZyB3aWR0aD0iMSIgaGVpZ2h0PSIxIiB4bWxucz0iaHR0cDovL3d3dy53My5vcmcvMjAwMC9zdmciPjwvc3ZnPg==\" style=\"--smush-placeholder-width: 300px; --smush-placeholder-aspect-ratio: 300\/251;\" \/>\t<div class=\"overlay\"><\/div>\n\t<div class=\"product-info\">\n\t\t<ul>\n\t\t\t<li><a rel=\"nofollow\" href=\"https:\/\/hidroliftismakinalari.com\/?product=cat-735-damper-lifti\" data-quantity=\"1\" data-product_id=\"2324\" data-product_sku=\"\" class=\"fa fa-shopping-cart button product_type_simple ajax_add_to_cart\"><\/a><\/li>\n\t\t\t\t\t\t\t<li><a href=\"\" class=\"yith-wcqv-button\" data-product_id=\"2324\"><i class=\"fa fa-search\"><\/i><\/a><\/li>\n\t\t\t\t\t\t\t\t<\/ul>\n\t<\/div>\n<\/div><div class=\"product-info-area\"><h3><a href=\"https:\/\/hidroliftismakinalari.com\/?product=cat-735-damper-lifti\" class=\"woocommerce-LoopProduct-link\">CAT 735 DAMPER L\u0130FT\u0130<\/a><\/h3>\n<\/div><div class=\"clear\"><\/div><a href=\"#\" class=\"button yith-wcqv-button\" data-product_id=\"2324\">H\u0131zl\u0131 G\u00f6r\u00fcn\u00fcm<\/a><\/li>\n<li class=\"product type-product post-2318 status-publish last instock product_cat-beton-silindirleri product_tag-degirmen-silindiri product_tag-loesche has-post-thumbnail shipping-taxable product-type-simple\">\n\t<div class=\"product-thumb-area\">\n\t<img decoding=\"async\" width=\"300\" height=\"300\" data-src=\"https:\/\/hidroliftismakinalari.com\/wp-content\/uploads\/2021\/06\/IMG_7703-300x300.jpg\" class=\"attachment-woocommerce_thumbnail size-woocommerce_thumbnail lazyload\" alt=\"Loesche De\u011firmen Silindiri\" data-srcset=\"https:\/\/hidroliftismakinalari.com\/wp-content\/uploads\/2021\/06\/IMG_7703-300x300.jpg 300w, https:\/\/hidroliftismakinalari.com\/wp-content\/uploads\/2021\/06\/IMG_7703-150x150.jpg 150w, https:\/\/hidroliftismakinalari.com\/wp-content\/uploads\/2021\/06\/IMG_7703-92x92.jpg 92w, https:\/\/hidroliftismakinalari.com\/wp-content\/uploads\/2021\/06\/IMG_7703-200x200.jpg 200w\" data-sizes=\"(max-width: 300px) 100vw, 300px\" src=\"data:image\/svg+xml;base64,PHN2ZyB3aWR0aD0iMSIgaGVpZ2h0PSIxIiB4bWxucz0iaHR0cDovL3d3dy53My5vcmcvMjAwMC9zdmciPjwvc3ZnPg==\" style=\"--smush-placeholder-width: 300px; --smush-placeholder-aspect-ratio: 300\/300;\" \/>\t<div class=\"overlay\"><\/div>\n\t<div class=\"product-info\">\n\t\t<ul>\n\t\t\t<li><a rel=\"nofollow\" href=\"https:\/\/hidroliftismakinalari.com\/?product=loesche-degirmen-silindiri\" data-quantity=\"1\" data-product_id=\"2318\" data-product_sku=\"\" class=\"fa fa-shopping-cart button product_type_simple ajax_add_to_cart\"><\/a><\/li>\n\t\t\t\t\t\t\t<li><a href=\"\" class=\"yith-wcqv-button\" data-product_id=\"2318\"><i class=\"fa fa-search\"><\/i><\/a><\/li>\n\t\t\t\t\t\t\t\t<\/ul>\n\t<\/div>\n<\/div><div class=\"product-info-area\"><h3><a href=\"https:\/\/hidroliftismakinalari.com\/?product=loesche-degirmen-silindiri\" class=\"woocommerce-LoopProduct-link\">Loesche De\u011firmen Silindiri<\/a><\/h3>\n<\/div><div class=\"clear\"><\/div><a href=\"#\" class=\"button yith-wcqv-button\" data-product_id=\"2318\">H\u0131zl\u0131 G\u00f6r\u00fcn\u00fcm<\/a><\/li>\n<\/ul>\n<\/div>[\/vc_column][\/vc_row][vc_row css=&#8221;.vc_custom_1508848784627{padding-top: 55px !important;padding-bottom: 100px !important;}&#8221;][vc_column]<div class=\"rt-vc-posts\">\r\n\t<h2 class=\"rt-vc-title-left\">Bizden Haberler<\/h2>\r\n\t\t\t<div class=\"rtin-item\" style=\"background-color:#ffffff;\">\r\n\t\t\t\t\t\t\t\t\t\t\t<div class=\"media media-list\">\r\n\t\t\t\t\t<div class=\"media-left rtin-img\">\r\n\t\t\t\t\t\t<a href=\"https:\/\/hidroliftismakinalari.com\/?p=2103\">\r\n\t\t\t\t\t\t\t<img decoding=\"async\" width=\"150\" height=\"100\" data-src=\"https:\/\/hidroliftismakinalari.com\/wp-content\/uploads\/2020\/10\/rb_MOTORSUZ.VE_.POPETSIZ.UNITELER_1508915935-1-150x100.png\" class=\"attachment-rdtheme-size5 size-rdtheme-size5 wp-post-image lazyload\" alt=\"\" data-srcset=\"https:\/\/hidroliftismakinalari.com\/wp-content\/uploads\/2020\/10\/rb_MOTORSUZ.VE_.POPETSIZ.UNITELER_1508915935-1-150x100.png 150w, https:\/\/hidroliftismakinalari.com\/wp-content\/uploads\/2020\/10\/rb_MOTORSUZ.VE_.POPETSIZ.UNITELER_1508915935-1-800x533.png 800w\" data-sizes=\"(max-width: 150px) 100vw, 150px\" src=\"data:image\/svg+xml;base64,PHN2ZyB3aWR0aD0iMSIgaGVpZ2h0PSIxIiB4bWxucz0iaHR0cDovL3d3dy53My5vcmcvMjAwMC9zdmciPjwvc3ZnPg==\" style=\"--smush-placeholder-width: 150px; --smush-placeholder-aspect-ratio: 150\/100;\" \/>\t\t\t\t\t\t\r\n\t\t\t\t\t\t<\/a>\r\n\t\t\t\t\t<\/div>\r\n\t\t\t\t\t<div class=\"media-body rtin-content-area\">\r\n\t\t\t\t\t\t<h3><a href=\"https:\/\/hidroliftismakinalari.com\/?p=2103\">Y\u00fckleme Rampalar\u0131 i\u00e7in Hidrolik G\u00fc\u00e7 \u00dcniteleri<\/a><\/h3>\r\n\t\t\t\t\t\t<div class=\"rtin-date\">31 Ekim 2020<\/div>\r\n\t\t\t\t\t\t<p class=\"rtin-content\">Avrupa\u2019da hidrolik mini g\u00fc\u00e7 \u00fcnitesi \u00fcretiminde m\u00fc\u015fteri odakl\u0131 pazar lideri olabilmek. Buradan hareket&hellip;<\/p>\r\n\t\t\t\t\t<\/div>\r\n\t\t\t\t<\/div>\r\n\t\t\t\t\t\t\t\t\t\t\t<div class=\"media media-list\">\r\n\t\t\t\t\t<div class=\"media-left rtin-img\">\r\n\t\t\t\t\t\t<a href=\"https:\/\/hidroliftismakinalari.com\/?p=2098\">\r\n\t\t\t\t\t\t\t<img decoding=\"async\" width=\"150\" height=\"100\" data-src=\"https:\/\/hidroliftismakinalari.com\/wp-content\/uploads\/2020\/10\/TB_TB27LS_160CC_Down_2_2000px-1-150x100.jpg\" class=\"attachment-rdtheme-size5 size-rdtheme-size5 wp-post-image lazyload\" alt=\"\" src=\"data:image\/svg+xml;base64,PHN2ZyB3aWR0aD0iMSIgaGVpZ2h0PSIxIiB4bWxucz0iaHR0cDovL3d3dy53My5vcmcvMjAwMC9zdmciPjwvc3ZnPg==\" style=\"--smush-placeholder-width: 150px; --smush-placeholder-aspect-ratio: 150\/100;\" \/>\t\t\t\t\t\t\r\n\t\t\t\t\t\t<\/a>\r\n\t\t\t\t\t<\/div>\r\n\t\t\t\t\t<div class=\"media-body rtin-content-area\">\r\n\t\t\t\t\t\t<h3><a href=\"https:\/\/hidroliftismakinalari.com\/?p=2098\">Odun K\u0131rma Makineleri i\u00e7in Hidrolik \u00dcr\u00fcnler<\/a><\/h3>\r\n\t\t\t\t\t\t<div class=\"rtin-date\">30 Ekim 2020<\/div>\r\n\t\t\t\t\t\t<p class=\"rtin-content\">Hidrolik enerji g\u00fcn\u00fcm\u00fczde bir\u00e7ok uygulamada kar\u015f\u0131m\u0131za \u00e7\u0131kmaktad\u0131r. Odun k\u0131rma makineleri asl\u0131nda temel hidrolik&hellip;<\/p>\r\n\t\t\t\t\t<\/div>\r\n\t\t\t\t<\/div>\r\n\t\t\t\t\t\t\t\t\t\t\t<div class=\"media media-list\">\r\n\t\t\t\t\t<div class=\"media-left rtin-img\">\r\n\t\t\t\t\t\t<a href=\"https:\/\/hidroliftismakinalari.com\/?p=37\">\r\n\t\t\t\t\t\t\t<img decoding=\"async\" width=\"150\" height=\"100\" data-src=\"https:\/\/hidroliftismakinalari.com\/wp-content\/uploads\/2017\/09\/hidrolik1-1-150x100.jpg\" class=\"attachment-rdtheme-size5 size-rdtheme-size5 wp-post-image lazyload\" alt=\"\" src=\"data:image\/svg+xml;base64,PHN2ZyB3aWR0aD0iMSIgaGVpZ2h0PSIxIiB4bWxucz0iaHR0cDovL3d3dy53My5vcmcvMjAwMC9zdmciPjwvc3ZnPg==\" style=\"--smush-placeholder-width: 150px; --smush-placeholder-aspect-ratio: 150\/100;\" \/>\t\t\t\t\t\t\r\n\t\t\t\t\t\t<\/a>\r\n\t\t\t\t\t<\/div>\r\n\t\t\t\t\t<div class=\"media-body rtin-content-area\">\r\n\t\t\t\t\t\t<h3><a href=\"https:\/\/hidroliftismakinalari.com\/?p=37\">Hidrolik Sistemlerde Pompan\u0131n De\u011fi\u015ftirilmesi<\/a><\/h3>\r\n\t\t\t\t\t\t<div class=\"rtin-date\">30 Ekim 2020<\/div>\r\n\t\t\t\t\t\t<p class=\"rtin-content\">Hidrolik pompalar, mekanik enerjiyi hidrolik enerjiye d\u00f6n\u00fc\u015ft\u00fcren komponentlerdir. Vakum etkisiyle ya\u011f\u0131 tanktan emer&hellip;<\/p>\r\n\t\t\t\t\t<\/div>\r\n\t\t\t\t<\/div>\r\n\t\t\t\t\t\t\r\n\t\t<\/div>\r\n\t\t\t\t\t<div class=\"rtin-btn\">\r\n\t\t\t\t<a href=\"https:\/\/hidroliftismakinalari.com\/\" class=\"rdtheme-button-6\">T\u00fcm Haberler<\/a>\r\n\t\t\t<\/div>\r\n\t\t\t\t\t\t\t<\/div>[\/vc_column][\/vc_row][vc_row full_width=&#8221;stretch_row&#8221; css=&#8221;.vc_custom_1616747360923{padding-top: 80px !important;padding-bottom: 120px !important;background-color: #153b73 !important;}&#8221;][vc_column width=&#8221;1\/2&#8243; offset=&#8221;vc_col-lg-3 vc_col-md-3&#8243;]<div class=\"rt-vc-counter \" >\r\n\t<div class=\"rtin-left\">\r\n\t\t<div class=\"rtin-counter\" style=\"color:#ffffff;\"><span class=\"rtin-counter-num\" data-num=\"100\" data-rtSpeed=\"5000\" data-rtSteps=\"10\">100<\/span>%<\/div>\r\n\t<\/div>\r\n\t<div class=\"rtin-right\">\r\n\t\t<div class=\"rtin-title\" style=\"color:#ffffff;\">G\u00dcVEN\u0130L\u0130RL\u0130K<\/div>\r\n\t<\/div>\r\n\t<div class=\"clear\"><\/div>\r\n<\/div>[\/vc_column][vc_column width=&#8221;1\/2&#8243; offset=&#8221;vc_col-lg-3 vc_col-md-3&#8243;]<div class=\"rt-vc-counter \" >\r\n\t<div class=\"rtin-left\">\r\n\t\t<div class=\"rtin-counter\" style=\"color:#ffffff;\"><span class=\"rtin-counter-num\" data-num=\"100\" data-rtSpeed=\"5000\" data-rtSteps=\"10\">100<\/span>%<\/div>\r\n\t<\/div>\r\n\t<div class=\"rtin-right\">\r\n\t\t<div class=\"rtin-title\" style=\"color:#ffffff;\">HIZLI \u00c7\u00d6Z\u00dcMLER<\/div>\r\n\t<\/div>\r\n\t<div class=\"clear\"><\/div>\r\n<\/div>[\/vc_column][vc_column width=&#8221;1\/2&#8243; offset=&#8221;vc_col-lg-3 vc_col-md-3&#8243;]<div class=\"rt-vc-counter \" >\r\n\t<div class=\"rtin-left\">\r\n\t\t<div class=\"rtin-counter\" style=\"color:#ffffff;\"><span class=\"rtin-counter-num\" data-num=\"100\" data-rtSpeed=\"5000\" data-rtSteps=\"10\">100<\/span>%<\/div>\r\n\t<\/div>\r\n\t<div class=\"rtin-right\">\r\n\t\t<div class=\"rtin-title\" style=\"color:#ffffff;\">KAL\u0130TE<\/div>\r\n\t<\/div>\r\n\t<div class=\"clear\"><\/div>\r\n<\/div>[\/vc_column][vc_column width=&#8221;1\/2&#8243; offset=&#8221;vc_col-lg-3 vc_col-md-3&#8243;]<div class=\"rt-vc-counter \" >\r\n\t<div class=\"rtin-left\">\r\n\t\t<div class=\"rtin-counter\" style=\"color:#ffffff;\"><span class=\"rtin-counter-num\" data-num=\"100\" data-rtSpeed=\"5000\" data-rtSteps=\"10\">100<\/span>%<\/div>\r\n\t<\/div>\r\n\t<div class=\"rtin-right\">\r\n\t\t<div class=\"rtin-title\" style=\"color:#ffffff;\">S\u00dcREKL\u0130L\u0130K<\/div>\r\n\t<\/div>\r\n\t<div class=\"clear\"><\/div>\r\n<\/div>[\/vc_column][\/vc_row]<\/p>\n","protected":false},"excerpt":{"rendered":"<p>[vc_row][vc_column][layerslider_vc id=&#8221;3&#8243;][\/vc_column][\/vc_row][vc_row el_class=&#8221;inside-slider&#8221;][vc_column][vc_row_inner][vc_column_inner width=&#8221;1\/3&#8243; css=&#8221;.vc_custom_1509108645328{padding-right: 0px !important;padding-left: 0px !important;}&#8221;][\/vc_column_inner][vc_column_inner width=&#8221;1\/3&#8243; css=&#8221;.vc_custom_1509110039881{padding-right: 0px !important;padding-left: 0px !important;}&#8221;][\/vc_column_inner][vc_column_inner width=&#8221;1\/3&#8243; css=&#8221;.vc_custom_1509110052516{padding-right: 0px !important;padding-left: 0px [&hellip;]<\/p>\n","protected":false},"author":1,"featured_media":0,"parent":0,"menu_order":0,"comment_status":"closed","ping_status":"closed","template":"","meta":{"footnotes":""},"class_list":["post-54","page","type-page","status-publish","hentry"],"aioseo_notices":[],"_links":{"self":[{"href":"https:\/\/hidroliftismakinalari.com\/index.php?rest_route=\/wp\/v2\/pages\/54","targetHints":{"allow":["GET"]}}],"collection":[{"href":"https:\/\/hidroliftismakinalari.com\/index.php?rest_route=\/wp\/v2\/pages"}],"about":[{"href":"https:\/\/hidroliftismakinalari.com\/index.php?rest_route=\/wp\/v2\/types\/page"}],"author":[{"embeddable":true,"href":"https:\/\/hidroliftismakinalari.com\/index.php?rest_route=\/wp\/v2\/users\/1"}],"replies":[{"embeddable":true,"href":"https:\/\/hidroliftismakinalari.com\/index.php?rest_route=%2Fwp%2Fv2%2Fcomments&post=54"}],"version-history":[{"count":19,"href":"https:\/\/hidroliftismakinalari.com\/index.php?rest_route=\/wp\/v2\/pages\/54\/revisions"}],"predecessor-version":[{"id":2323,"href":"https:\/\/hidroliftismakinalari.com\/index.php?rest_route=\/wp\/v2\/pages\/54\/revisions\/2323"}],"wp:attachment":[{"href":"https:\/\/hidroliftismakinalari.com\/index.php?rest_route=%2Fwp%2Fv2%2Fmedia&parent=54"}],"curies":[{"name":"wp","href":"https:\/\/api.w.org\/{rel}","templated":true}]}}